{"id":83,"date":"2025-05-28T09:57:54","date_gmt":"2025-05-28T09:57:54","guid":{"rendered":"https:\/\/coresalentinorooms.com\/?page_id=83"},"modified":"2025-10-07T13:27:19","modified_gmt":"2025-10-07T13:27:19","slug":"le-nostre-camere","status":"publish","type":"page","link":"https:\/\/coresalentinorooms.com\/en\/le-nostre-camere\/","title":{"rendered":"OUR ROOMS"},"content":{"rendered":"<div class=\"wp-block-cover alignfull is-light\" style=\"min-height:442px;aspect-ratio:unset;\"><img fetchpriority=\"high\" decoding=\"async\" width=\"768\" height=\"1024\" class=\"wp-block-cover__image-background wp-image-533 size-large\" alt=\"\" src=\"https:\/\/coresalentinorooms.com\/wp-content\/uploads\/2025\/06\/IMG_8598-2-768x1024.jpg\" data-object-fit=\"cover\" srcset=\"https:\/\/coresalentinorooms.com\/wp-content\/uploads\/2025\/06\/IMG_8598-2-768x1024.jpg 768w, https:\/\/coresalentinorooms.com\/wp-content\/uploads\/2025\/06\/IMG_8598-2-225x300.jpg 225w, https:\/\/coresalentinorooms.com\/wp-content\/uploads\/2025\/06\/IMG_8598-2-50x67.jpg 50w, https:\/\/coresalentinorooms.com\/wp-content\/uploads\/2025\/06\/IMG_8598-2-1600x2133.jpg 1600w, https:\/\/coresalentinorooms.com\/wp-content\/uploads\/2025\/06\/IMG_8598-2-1152x1536.jpg 1152w, https:\/\/coresalentinorooms.com\/wp-content\/uploads\/2025\/06\/IMG_8598-2-1536x2048.jpg 1536w, https:\/\/coresalentinorooms.com\/wp-content\/uploads\/2025\/06\/IMG_8598-2-9x12.jpg 9w, https:\/\/coresalentinorooms.com\/wp-content\/uploads\/2025\/06\/IMG_8598-2-scaled.jpg 1920w\" sizes=\"(max-width: 768px) 100vw, 768px\" \/><span aria-hidden=\"true\" class=\"wp-block-cover__background has-background-dim-20 has-background-dim\" style=\"background-color:#95918d\"><\/span><div class=\"wp-block-cover__inner-container is-layout-constrained wp-block-cover-is-layout-constrained\">\n<h1 class=\"wp-block-heading has-text-align-left has-black-color has-text-color has-link-color has-x-large-font-size wp-elements-99795d50a1baf1c1defd5c75a3f73a0c\">LE NOSTRE <\/h1>\n\n\n\n<h1 class=\"wp-block-heading has-text-align-left has-black-color has-text-color has-link-color has-x-large-font-size wp-elements-f484727ffa611f6ad9b54688f37cdb34\">ROOMS<\/h1>\n<\/div><\/div>\n\n\n\n<div style=\"height:100px\" aria-hidden=\"true\" class=\"wp-block-spacer\"><\/div>\n\n\n\n<div class=\"wp-block-buttons alignwide is-content-justification-center is-layout-flex wp-container-core-buttons-is-layout-a89b3969 wp-block-buttons-is-layout-flex\">\n<div class=\"wp-block-button has-custom-width wp-block-button__width-25 is-style-fill\"><a class=\"wp-block-button__link has-medium-font-size has-custom-font-size wp-element-button\" href=\"https:\/\/forms.gle\/9AEHpff3yBraZmWG9\" style=\"border-width:3px\">BOOK NOW<\/a><\/div>\n<\/div>\n\n\n\n<div style=\"height:100px\" aria-hidden=\"true\" class=\"wp-block-spacer\"><\/div>\n\n\n\n<div style=\"height:0px\" aria-hidden=\"true\" class=\"wp-block-spacer\"><\/div>\n\n\n\n<div class=\"wp-block-cover alignwide\" style=\"margin-top:0;padding-top:48px;padding-right:48px;padding-bottom:48px;padding-left:48px;min-height:592px;aspect-ratio:unset;\"><img decoding=\"async\" class=\"wp-block-cover__image-background wp-image-571 size-full\" alt=\"\" src=\"https:\/\/coresalentinorooms.com\/wp-content\/uploads\/2025\/06\/IMG_8628.heic\" style=\"object-position:66% 42%\" data-object-fit=\"cover\" data-object-position=\"66% 42%\"\/><span aria-hidden=\"true\" class=\"wp-block-cover__background has-background-dim-20 has-background-dim\"><\/span><div class=\"wp-block-cover__inner-container is-layout-flow wp-block-cover-is-layout-flow\">\n<div class=\"wp-block-group is-content-justification-left is-layout-constrained wp-container-core-group-is-layout-0b562c1c wp-block-group-is-layout-constrained\">\n<h2 class=\"wp-block-heading has-text-align-left has-white-color has-text-color\" style=\"font-size:clamp(42.068px, 2.629rem + ((1vw - 3.2px) * 3.871), 80px);font-style:normal;font-weight:700;letter-spacing:0px;line-height:1;text-transform:uppercase\">BLUE ROOM<\/h2>\n<\/div>\n\n\n\n<div style=\"height:72px\" aria-hidden=\"true\" class=\"wp-block-spacer\"><\/div>\n\n\n\n<div class=\"wp-block-buttons is-content-justification-left is-nowrap is-layout-flex wp-container-core-buttons-is-layout-92e17da2 wp-block-buttons-is-layout-flex\"><\/div>\n<\/div><\/div>\n\n\n\n<div style=\"height:100px\" aria-hidden=\"true\" class=\"wp-block-spacer\"><\/div>\n\n\n\n<div class=\"wp-block-gutsliders-photo-carousel gutslider-76aee668 nav_outside nav_cc has__pagination\" data-swiper-options=\"{&quot;slidesPerView&quot;:1,&quot;spaceBetween&quot;:0,&quot;loop&quot;:true,&quot;autoplay&quot;:false,&quot;speed&quot;:800,&quot;effect&quot;:&quot;slide&quot;,&quot;keyboard&quot;:{&quot;enabled&quot;:false},&quot;mousewheel&quot;:false,&quot;breakpoints&quot;:{&quot;320&quot;:{&quot;slidesPerView&quot;:1,&quot;spaceBetween&quot;:0},&quot;768&quot;:{&quot;slidesPerView&quot;:2,&quot;spaceBetween&quot;:15},&quot;1025&quot;:{&quot;slidesPerView&quot;:2,&quot;spaceBetween&quot;:15}},&quot;navigation&quot;:{&quot;nextEl&quot;:&quot;.gutslider-76aee668 .swiper-button-next&quot;,&quot;prevEl&quot;:&quot;.gutslider-76aee668 .swiper-button-prev&quot;},&quot;pagination&quot;:{&quot;el&quot;:&quot;.gutslider-76aee668 .swiper-pagination&quot;,&quot;type&quot;:&quot;bullets&quot;,&quot;dynamicBullets&quot;:false,&quot;clickable&quot;:true}}\"><div class=\"swiper\"><div class=\"swiper-wrapper\"><div class=\"swiper-slide\"><div class=\"swiper-container-outer zoom__in\"><img decoding=\"async\" src=\"https:\/\/coresalentinorooms.com\/wp-content\/uploads\/2025\/06\/IMG_8628.heic\" alt=\"\"\/><div class=\"gutslider-caption bottom__right auto__width\">Blue Room<\/div><\/div><\/div><div class=\"swiper-slide\"><div class=\"swiper-container-outer zoom__in\"><img decoding=\"async\" src=\"https:\/\/coresalentinorooms.com\/wp-content\/uploads\/2025\/06\/IMG_8626.heic\" alt=\"\"\/><div class=\"gutslider-caption bottom__right auto__width\">Blue Room<\/div><\/div><\/div><div class=\"swiper-slide\"><div class=\"swiper-container-outer zoom__in\"><img decoding=\"async\" src=\"https:\/\/coresalentinorooms.com\/wp-content\/uploads\/2025\/06\/IMG_8625.heic\" alt=\"\"\/><div class=\"gutslider-caption bottom__right auto__width\">Blue Room<\/div><\/div><\/div><div class=\"swiper-slide\"><div class=\"swiper-container-outer zoom__in\"><img decoding=\"async\" src=\"https:\/\/coresalentinorooms.com\/wp-content\/uploads\/2025\/05\/a29ebc5e-fa1b-498c-8577-92905e10cbcf.jpg\" alt=\"\"\/><div class=\"gutslider-caption bottom__right auto__width\">Toilet<\/div><\/div><\/div><div class=\"swiper-slide\"><div class=\"swiper-container-outer zoom__in\"><img decoding=\"async\" src=\"https:\/\/coresalentinorooms.com\/wp-content\/uploads\/2025\/05\/37160840-e347-4e36-8bec-a10183b221b6-2.jpg\" alt=\"\"\/><div class=\"gutslider-caption bottom__right auto__width\">Toilet<\/div><\/div><\/div><\/div><\/div><div class=\"swiper-pagination\"><\/div><div class=\"gutslider-nav nav_outside nav_cc\"><div class=\"swiper-button-prev\"><\/div><div class=\"swiper-button-next\"><\/div><\/div><\/div>\n\n\n\n<div style=\"height:50px\" aria-hidden=\"true\" class=\"wp-block-spacer\"><\/div>\n\n\n\n<div class=\"wp-block-group alignfull has-background is-layout-flow wp-block-group-is-layout-flow\" style=\"background-color:#f2f0e9\">\n<div style=\"height:0px\" aria-hidden=\"true\" class=\"wp-block-spacer\"><\/div>\n\n\n\n<div style=\"height:25px\" aria-hidden=\"true\" class=\"wp-block-spacer\"><\/div>\n\n\n\n<div class=\"wp-block-columns alignwide are-vertically-aligned-center is-layout-flex wp-container-core-columns-is-layout-28f84493 wp-block-columns-is-layout-flex\">\n<div class=\"wp-block-column is-layout-flow wp-block-column-is-layout-flow\" style=\"flex-basis:50%\">\n<p class=\"has-text-align-left has-text-color\" style=\"color:#01588a;margin-top:0;margin-right:var(--wp--preset--spacing--20);margin-bottom:0;margin-left:var(--wp--preset--spacing--20);font-size:clamp(18.959px, 1.185rem + ((1vw - 3.2px) * 1.127), 30px);line-height:1.1\"><strong>Blue Room<\/strong><\/p>\n<\/div>\n\n\n\n<div class=\"wp-block-column is-layout-flow wp-block-column-is-layout-flow\" style=\"flex-basis:50%\">\n<hr class=\"wp-block-separator has-text-color has-vivid-cyan-blue-color has-alpha-channel-opacity has-vivid-cyan-blue-background-color has-background is-style-wide\"\/>\n<\/div>\n<\/div>\n\n\n\n<div class=\"wp-block-columns alignwide is-layout-flex wp-container-core-columns-is-layout-28f84493 wp-block-columns-is-layout-flex\" style=\"font-size:clamp(14px, 0.875rem + ((1vw - 3.2px) * 0.51), 19px);line-height:1.6\">\n<div class=\"wp-block-column is-layout-flow wp-block-column-is-layout-flow\" style=\"font-size:clamp(16.293px, 1.018rem + ((1vw - 3.2px) * 0.888), 25px);\">\n<p class=\"has-text-align-center\" style=\"margin-right:var(--wp--preset--spacing--30);margin-left:var(--wp--preset--spacing--30);font-size:clamp(15.747px, 0.984rem + ((1vw - 3.2px) * 0.842), 24px);\">La <em>Blue Room<\/em>,spacious and bright, it is furnished with understated elegance and attention to detail, offering guests a comfortable and relaxing atmosphere. The decor, in the aforementioned color scheme, is designed to give the space a touch of harmony and serenity. <br><\/p>\n<\/div>\n\n\n\n<div class=\"wp-block-column is-layout-flow wp-block-column-is-layout-flow\" style=\"font-size:clamp(16.293px, 1.018rem + ((1vw - 3.2px) * 0.888), 25px);\">\n<p class=\"has-text-align-center has-text-color\" style=\"color:#000000;font-size:clamp(15.747px, 0.984rem + ((1vw - 3.2px) * 0.842), 24px);\">The amenities include a functional desk, a refrigerator available for guests, and an air conditioning system to ensure maximum climate comfort in every season. The linens, always clean and carefully prepared, guarantee a stay marked by hygiene and attention to detail. <br><\/p>\n<\/div>\n\n\n\n<div class=\"wp-block-column is-layout-flow wp-block-column-is-layout-flow\" style=\"font-size:clamp(16.293px, 1.018rem + ((1vw - 3.2px) * 0.888), 25px);\">\n<p class=\"has-text-align-center has-text-color\" style=\"color:#000000;margin-right:var(--wp--preset--spacing--30);margin-left:var(--wp--preset--spacing--30);font-size:clamp(15.747px, 0.984rem + ((1vw - 3.2px) * 0.842), 24px);\">Although compact in size, the bathroom is designed to ensure maximum functionality and comfort. The white marble-effect walls add brightness and refinement to the space, while the furnishings, featuring gold and black finishes, contribute to a modern and elegant aesthetic. Every element is thoughtfully selected to provide both practicality and style, in an environment that is neat, clean, and meticulously maintained.<\/p>\n<\/div>\n<\/div>\n\n\n\n<div style=\"height:25px\" aria-hidden=\"true\" class=\"wp-block-spacer\"><\/div>\n<\/div>\n\n\n\n<div style=\"height:50px\" aria-hidden=\"true\" class=\"wp-block-spacer\"><\/div>\n\n\n\n<hr class=\"wp-block-separator has-text-color has-link-color-color has-alpha-channel-opacity has-link-color-background-color has-background\"\/>\n\n\n\n<div style=\"height:50px\" aria-hidden=\"true\" class=\"wp-block-spacer\"><\/div>\n\n\n\n<div class=\"wp-block-cover alignwide\" style=\"margin-top:0;padding-top:48px;padding-right:48px;padding-bottom:48px;padding-left:48px;min-height:724px;aspect-ratio:unset;\"><img decoding=\"async\" width=\"1206\" height=\"2147\" class=\"wp-block-cover__image-background wp-image-600 size-full\" alt=\"\" src=\"https:\/\/coresalentinorooms.com\/wp-content\/uploads\/2025\/10\/IMG_0688.jpg\" style=\"object-position:41% 53%\" data-object-fit=\"cover\" data-object-position=\"41% 53%\" srcset=\"https:\/\/coresalentinorooms.com\/wp-content\/uploads\/2025\/10\/IMG_0688.jpg 1206w, https:\/\/coresalentinorooms.com\/wp-content\/uploads\/2025\/10\/IMG_0688-169x300.jpg 169w, https:\/\/coresalentinorooms.com\/wp-content\/uploads\/2025\/10\/IMG_0688-575x1024.jpg 575w, https:\/\/coresalentinorooms.com\/wp-content\/uploads\/2025\/10\/IMG_0688-768x1367.jpg 768w, https:\/\/coresalentinorooms.com\/wp-content\/uploads\/2025\/10\/IMG_0688-50x89.jpg 50w, https:\/\/coresalentinorooms.com\/wp-content\/uploads\/2025\/10\/IMG_0688-863x1536.jpg 863w, https:\/\/coresalentinorooms.com\/wp-content\/uploads\/2025\/10\/IMG_0688-1150x2048.jpg 1150w, https:\/\/coresalentinorooms.com\/wp-content\/uploads\/2025\/10\/IMG_0688-7x12.jpg 7w\" sizes=\"(max-width: 1206px) 100vw, 1206px\" \/><span aria-hidden=\"true\" class=\"wp-block-cover__background has-background-dim-30 has-background-dim\"><\/span><div class=\"wp-block-cover__inner-container is-layout-flow wp-block-cover-is-layout-flow\">\n<div class=\"wp-block-group is-content-justification-left is-layout-constrained wp-container-core-group-is-layout-0b562c1c wp-block-group-is-layout-constrained\">\n<h4 class=\"wp-block-heading has-text-align-left has-white-color has-text-color\" style=\"font-size:clamp(42.068px, 2.629rem + ((1vw - 3.2px) * 3.871), 80px);font-style:normal;font-weight:700;letter-spacing:0px;line-height:1;text-transform:uppercase\">red room<\/h4>\n<\/div>\n\n\n\n<div style=\"height:72px\" aria-hidden=\"true\" class=\"wp-block-spacer\"><\/div>\n\n\n\n<div class=\"wp-block-buttons is-horizontal is-content-justification-left is-nowrap is-layout-flex wp-container-core-buttons-is-layout-7926b886 wp-block-buttons-is-layout-flex\"><\/div>\n<\/div><\/div>\n\n\n\n<div style=\"height:100px\" aria-hidden=\"true\" class=\"wp-block-spacer\"><\/div>\n\n\n\n<div class=\"wp-block-gutsliders-photo-carousel gutslider-e2ebe9b2 nav_outside nav_cc has__pagination\" data-swiper-options=\"{&quot;slidesPerView&quot;:1,&quot;spaceBetween&quot;:0,&quot;loop&quot;:true,&quot;autoplay&quot;:false,&quot;speed&quot;:800,&quot;effect&quot;:&quot;slide&quot;,&quot;keyboard&quot;:{&quot;enabled&quot;:false},&quot;mousewheel&quot;:false,&quot;breakpoints&quot;:{&quot;320&quot;:{&quot;slidesPerView&quot;:1,&quot;spaceBetween&quot;:0},&quot;768&quot;:{&quot;slidesPerView&quot;:2,&quot;spaceBetween&quot;:15},&quot;1025&quot;:{&quot;slidesPerView&quot;:2,&quot;spaceBetween&quot;:15}},&quot;navigation&quot;:{&quot;nextEl&quot;:&quot;.gutslider-e2ebe9b2 .swiper-button-next&quot;,&quot;prevEl&quot;:&quot;.gutslider-e2ebe9b2 .swiper-button-prev&quot;},&quot;pagination&quot;:{&quot;el&quot;:&quot;.gutslider-e2ebe9b2 .swiper-pagination&quot;,&quot;type&quot;:&quot;bullets&quot;,&quot;dynamicBullets&quot;:false,&quot;clickable&quot;:true}}\"><div class=\"swiper\"><div class=\"swiper-wrapper\"><div class=\"swiper-slide\"><div class=\"swiper-container-outer zoom__in\"><img decoding=\"async\" src=\"https:\/\/coresalentinorooms.com\/wp-content\/uploads\/2025\/06\/IMG_8629.heic\" alt=\"\"\/><div class=\"gutslider-caption bottom__left full__width\">The Red Room<\/div><\/div><\/div><div class=\"swiper-slide\"><div class=\"swiper-container-outer zoom__in\"><img decoding=\"async\" src=\"https:\/\/coresalentinorooms.com\/wp-content\/uploads\/2025\/06\/IMG_8631.heic\" alt=\"\"\/><div class=\"gutslider-caption bottom__left full__width\">The Red Room<\/div><\/div><\/div><div class=\"swiper-slide\"><div class=\"swiper-container-outer zoom__in\"><img decoding=\"async\" src=\"https:\/\/coresalentinorooms.com\/wp-content\/uploads\/2025\/06\/PHOTO-2025-06-01-12-28-57.jpg\" alt=\"\"\/><div class=\"gutslider-caption bottom__left full__width\">Toilet<\/div><\/div><\/div><div class=\"swiper-slide\"><div class=\"swiper-container-outer zoom__in\"><img decoding=\"async\" src=\"https:\/\/coresalentinorooms.com\/wp-content\/uploads\/2025\/06\/PHOTO-2025-06-01-12-28-58.jpg\" alt=\"\"\/><div class=\"gutslider-caption bottom__left full__width\">Toilet<\/div><\/div><\/div><\/div><\/div><div class=\"swiper-pagination\"><\/div><div class=\"gutslider-nav nav_outside nav_cc\"><div class=\"swiper-button-prev\"><\/div><div class=\"swiper-button-next\"><\/div><\/div><\/div>\n\n\n\n<div style=\"height:50px\" aria-hidden=\"true\" class=\"wp-block-spacer\"><\/div>\n\n\n\n<div class=\"wp-block-group alignfull has-background is-layout-flow wp-block-group-is-layout-flow\" style=\"background-color:#f2f0e9\">\n<div style=\"height:70px\" aria-hidden=\"true\" class=\"wp-block-spacer\"><\/div>\n\n\n\n<div class=\"wp-block-columns alignwide are-vertically-aligned-center is-layout-flex wp-container-core-columns-is-layout-28f84493 wp-block-columns-is-layout-flex\">\n<div class=\"wp-block-column is-layout-flow wp-block-column-is-layout-flow\" style=\"flex-basis:50%\">\n<p class=\"has-vivid-red-color has-text-color\" style=\"font-size:clamp(18.959px, 1.185rem + ((1vw - 3.2px) * 1.127), 30px);line-height:1.1\"><strong>RED ROOM<\/strong><\/p>\n<\/div>\n\n\n\n<div class=\"wp-block-column is-layout-flow wp-block-column-is-layout-flow\" style=\"flex-basis:50%\">\n<hr class=\"wp-block-separator has-text-color has-vivid-red-color has-alpha-channel-opacity has-vivid-red-background-color has-background is-style-wide\"\/>\n<\/div>\n<\/div>\n\n\n\n<div class=\"wp-block-columns alignwide is-layout-flex wp-container-core-columns-is-layout-28f84493 wp-block-columns-is-layout-flex\">\n<div class=\"wp-block-column is-layout-flow wp-block-column-is-layout-flow\" style=\"line-height:1.6\">\n<p class=\"has-text-align-center\" style=\"font-size:clamp(15.747px, 0.984rem + ((1vw - 3.2px) * 0.842), 24px);\">La&nbsp;<em>The Red Room<\/em>&nbsp;takes its name from the refined red accents that enhance the space, adding character and warmth without compromising its aesthetic balance. The spacious layout, combined with excellent natural light, creates an airy and welcoming atmosphere. <\/p>\n<\/div>\n\n\n\n<div class=\"wp-block-column is-layout-flow wp-block-column-is-layout-flow\" style=\"line-height:1.6\">\n<p class=\"has-text-align-center has-text-color\" style=\"color:#000000;font-size:clamp(15.747px, 0.984rem + ((1vw - 3.2px) * 0.842), 24px);\">The room is equipped with all the essential comforts for a pleasant stay: a desk, refrigerator, air conditioning, and fresh, carefully selected linens. The furnishings are understated yet refined, featuring a neutral color palette enhanced by red accents that create a discreet yet distinctive elegance.<\/p>\n<\/div>\n\n\n\n<div class=\"wp-block-column is-layout-flow wp-block-column-is-layout-flow\" style=\"line-height:1.6\">\n<p class=\"has-text-align-center has-text-color\" style=\"color:#000000;font-size:clamp(15.747px, 0.984rem + ((1vw - 3.2px) * 0.842), 24px);\">The private bathroom, consistent with the style of the Blue Room, combines functionality with aesthetic appeal. The white marble surfaces provide brightness and a clean visual effect, while the furniture in gold and black tones enhances the space with a contemporary touch. Compact yet well laid out, the bathroom is designed to offer comfort and practicality in an elegant and well-maintained setting.<\/p>\n<\/div>\n<\/div>\n\n\n\n<div style=\"height:40px\" aria-hidden=\"true\" class=\"wp-block-spacer\"><\/div>\n<\/div>\n\n\n\n<div style=\"height:100px\" aria-hidden=\"true\" class=\"wp-block-spacer\"><\/div>\n\n\n\n<hr class=\"wp-block-separator has-alpha-channel-opacity is-style-wide\"\/>\n\n\n\n<div style=\"height:100px\" aria-hidden=\"true\" class=\"wp-block-spacer\"><\/div>\n\n\n\n<p><\/p>","protected":false},"excerpt":{"rendered":"<p>Blue Room La Blue Room, spaziosa e luminosa, \u00e8 arredata con sobria eleganza e attenzione ai dettagli, offrendo un ambiente confortevole e rilassante per gli ospiti. L&#8217;arredamento con la suddetta tonalit\u00e0 \u00e8 pensato per conferire all&#8217;ambiente un tocco di armonia e serenit\u00e0. La dotazione include una scrivania funzionale, un frigorifero a disposizione degli ospiti e [&hellip;]<\/p>","protected":false},"author":1,"featured_media":533,"parent":0,"menu_order":0,"comment_status":"closed","ping_status":"closed","template":"page-templates\/menu-trasparent.php","meta":{"footnotes":""},"class_list":["post-83","page","type-page","status-publish","has-post-thumbnail","hentry"],"aioseo_notices":[],"_links":{"self":[{"href":"https:\/\/coresalentinorooms.com\/en\/wp-json\/wp\/v2\/pages\/83","targetHints":{"allow":["GET"]}}],"collection":[{"href":"https:\/\/coresalentinorooms.com\/en\/wp-json\/wp\/v2\/pages"}],"about":[{"href":"https:\/\/coresalentinorooms.com\/en\/wp-json\/wp\/v2\/types\/page"}],"author":[{"embeddable":true,"href":"https:\/\/coresalentinorooms.com\/en\/wp-json\/wp\/v2\/users\/1"}],"replies":[{"embeddable":true,"href":"https:\/\/coresalentinorooms.com\/en\/wp-json\/wp\/v2\/comments?post=83"}],"version-history":[{"count":36,"href":"https:\/\/coresalentinorooms.com\/en\/wp-json\/wp\/v2\/pages\/83\/revisions"}],"predecessor-version":[{"id":605,"href":"https:\/\/coresalentinorooms.com\/en\/wp-json\/wp\/v2\/pages\/83\/revisions\/605"}],"wp:featuredmedia":[{"embeddable":true,"href":"https:\/\/coresalentinorooms.com\/en\/wp-json\/wp\/v2\/media\/533"}],"wp:attachment":[{"href":"https:\/\/coresalentinorooms.com\/en\/wp-json\/wp\/v2\/media?parent=83"}],"curies":[{"name":"wp","href":"https:\/\/api.w.org\/{rel}","templated":true}]}}